{"id":947,"date":"2024-04-01T07:44:35","date_gmt":"2024-04-01T05:44:35","guid":{"rendered":"https:\/\/locajeux.fr\/?page_id=947"},"modified":"2024-04-03T20:31:59","modified_gmt":"2024-04-03T18:31:59","slug":"flipper","status":"publish","type":"page","link":"https:\/\/locajeux.fr\/index.php\/flipper-2\/flipper\/","title":{"rendered":"JAWS"},"content":{"rendered":"\n<p><strong>Stern pinball JAWS pro PRIX:9000\u20ac TTC<\/strong> <\/p>\n\n\n\n<p><strong>prix premium et \u00e9dition limit\u00e9e nous contacter <\/strong><\/p>\n\n\n\n<figure class=\"wp-block-embed is-type-video is-provider-youtube wp-block-embed-youtube wp-embed-aspect-16-9 wp-has-aspect-ratio\"><div class=\"wp-block-embed__wrapper\">\n<iframe loading=\"lazy\" title=\"JAWS Pinball Presented by Stern Pinball\" width=\"1200\" height=\"675\" src=\"https:\/\/www.youtube.com\/embed\/x4l-kbTPALg?feature=oembed\" frameborder=\"0\" allow=\"accelerometer; autoplay; clipboard-write; encrypted-media; gyroscope; picture-in-picture; web-share\" referrerpolicy=\"strict-origin-when-cross-origin\" allowfullscreen><\/iframe>\n<\/div><figcaption class=\"wp-element-caption\">Jaws pro<\/figcaption><\/figure>\n\n\n\n<p>Stern Pinball, Inc. annonce ses nouveaux jeux de flipper mettant en vedette&nbsp;<strong><em>JAWS<\/em><\/strong>&nbsp;, l&rsquo;un des thrillers cin\u00e9matographiques les plus embl\u00e9matiques de tous les temps d&rsquo;Universal Pictures et Amblin Entertainment. Les joueurs d\u00e9couvriront les quatre films \u00e0 succ\u00e8s&nbsp;<em>JAWS<\/em>&nbsp;comme jamais auparavant, avec de toutes nouvelles fonctionnalit\u00e9s m\u00e9caniques inspir\u00e9es des moments embl\u00e9matiques du film et une technologie de pointe.&nbsp; Les jeux de flipper&nbsp;<em>JAWS<\/em>&nbsp;sont disponibles dans les mod\u00e8les Pro, Premium et Limited Edition (LE).<\/p>\n\n\n\n<p><em>JAWS<\/em>&nbsp;transporte les joueurs dans le lieu fictif d&rsquo;Amity Island, situ\u00e9 au large de Long Island, New York. La petite communaut\u00e9 de p\u00eacheurs est un lieu de vacances \u00e0 la plage populaire en \u00e9t\u00e9. Alors que les vacanciers du 4 juillet se rapprochent des plages pittoresques de l&rsquo;\u00eele, un grave danger se cache sous le niveau de la mer\u2026 Le maire d&rsquo;Amity Island dissimule les attaques de requins de peur de perdre l&rsquo;argent du tourisme de l&rsquo;\u00eele, ce qui entra\u00eenerait des attaques encore plus terrifiantes.<\/p>\n\n\n\n<p><em>Les jeux de flipper JAWS<\/em>&nbsp;de Stern&nbsp;permettront aux joueurs de saisir leurs harpons et d&rsquo;incarner Quint, Hooper et Brody pour sauver les habitants d&rsquo;Amity Island et le 4 juillet&nbsp;! En tant que p\u00eacheurs grisonnants, affrontez les cr\u00e9atures oc\u00e9aniques les plus dangereuses de la plan\u00e8te. La tension monte lorsque vous voyez du \u00ab sang dans l\u2019eau \u00bb gr\u00e2ce \u00e0 nos effets de lumi\u00e8re anim\u00e9s. Tirez des flippers sur la cible motoris\u00e9e \u00ab Shark Fin \u00bb nageant \u00e0 travers le terrain de jeu. L&rsquo;anticipation se construit \u00e0 mesure que vous naviguez sur le terrain de jeu sup\u00e9rieur \u00ab Orca Boat \u00bb, comprenant une rampe \u00ab Lookout Tower \u00bb, une roue horizontale de roue de navire sur le pont et une cible debout \u00ab Radio \u00bb pour appeler \u00e0 l&rsquo;aide. Attention! Un jouet motoris\u00e9 \u00ab&nbsp;Great White Shark&nbsp;\u00bb sculpt\u00e9 sur mesure s&rsquo;\u00e9crase sur le fond d&rsquo;un bateau de p\u00eache, terrorisant les joueurs dans cette palpitante odyss\u00e9e du flipper. Survivrez-vous&nbsp;<em>\u00e0 JAWS<\/em>&nbsp;?!<\/p>\n\n\n\n<p>En plus des ressources cin\u00e9matographiques et audio immersives int\u00e9gr\u00e9es \u00e0 l&rsquo;action du flipper,&nbsp;<em>JAWS<\/em>&nbsp;inclut le discours personnalis\u00e9 de l&rsquo;acteur Richard Dreyfuss et la musique du th\u00e8me embl\u00e9matique du film de John Williams.<\/p>\n\n\n\n<p>\u00ab\u00a0En honorant l&rsquo;une des plus grandes franchises cin\u00e9matographiques de tous les temps, nous offrons \u00e0&nbsp;<em>JAWS<\/em>&nbsp;notre logiciel et notre mat\u00e9riel les plus avanc\u00e9s \u00e0 ce jour\u00a0\u00bb, a d\u00e9clar\u00e9 Seth Davis, pr\u00e9sident et PDG de Stern Pinball. \u00ab\u00a0Nous avons h\u00e2te de lancer le c\u0153ur de JAWS Pinball. un gameplay \u00e9poustouflant pour le monde&nbsp;!&nbsp;\u00bb<\/p>\n\n\n\n<p><em>Les jeux de flipper JAWS<\/em>&nbsp;incluent le syst\u00e8me prim\u00e9 Insider Connected\u2122 de Stern, qui permet aux joueurs d&rsquo;interagir avec le jeu et un r\u00e9seau mondial de joueurs de plusieurs mani\u00e8res. Gr\u00e2ce \u00e0 Insider Connected, les joueurs peuvent suivre leurs progr\u00e8s, rechercher des succ\u00e8s, entreprendre des qu\u00eates sp\u00e9ciales&nbsp;<em>JAWS<\/em>&nbsp;et am\u00e9liorer leur rang de chasseur de primes \u00e0 vie<\/p>\n\n\n\n<figure class=\"wp-block-table alignleft\"><table><tbody><tr><th>POIDS<\/th><td>96 kg<\/td><\/tr><tr><th>DIMENSIONS<\/th><td>145 \u00d7 71\u00d7 195 cm<\/td><\/tr><\/tbody><\/table><\/figure>\n","protected":false},"excerpt":{"rendered":"<p>Stern pinball JAWS pro PRIX:9000\u20ac TTC prix premium et \u00e9dition limit\u00e9e nous contacter Stern Pinball, Inc. annonce ses nouveaux jeux de flipper mettant en vedette&nbsp;JAWS&nbsp;, &hellip; <\/p>\n","protected":false},"author":2,"featured_media":0,"parent":1003,"menu_order":1,"comment_status":"closed","ping_status":"closed","template":"","meta":[],"_links":{"self":[{"href":"https:\/\/locajeux.fr\/index.php\/wp-json\/wp\/v2\/pages\/947"}],"collection":[{"href":"https:\/\/locajeux.fr\/index.php\/wp-json\/wp\/v2\/pages"}],"about":[{"href":"https:\/\/locajeux.fr\/index.php\/wp-json\/wp\/v2\/types\/page"}],"author":[{"embeddable":true,"href":"https:\/\/locajeux.fr\/index.php\/wp-json\/wp\/v2\/users\/2"}],"replies":[{"embeddable":true,"href":"https:\/\/locajeux.fr\/index.php\/wp-json\/wp\/v2\/comments?post=947"}],"version-history":[{"count":8,"href":"https:\/\/locajeux.fr\/index.php\/wp-json\/wp\/v2\/pages\/947\/revisions"}],"predecessor-version":[{"id":1046,"href":"https:\/\/locajeux.fr\/index.php\/wp-json\/wp\/v2\/pages\/947\/revisions\/1046"}],"up":[{"embeddable":true,"href":"https:\/\/locajeux.fr\/index.php\/wp-json\/wp\/v2\/pages\/1003"}],"wp:attachment":[{"href":"https:\/\/locajeux.fr\/index.php\/wp-json\/wp\/v2\/media?parent=947"}],"curies":[{"name":"wp","href":"https:\/\/api.w.org\/{rel}","templated":true}]}}