{"id":80,"date":"2016-10-19T11:19:34","date_gmt":"2016-10-19T09:19:34","guid":{"rendered":"http:\/\/locajeux.fr\/?page_id=80"},"modified":"2024-08-26T22:45:21","modified_gmt":"2024-08-26T20:45:21","slug":"location-babyfoot-billard-borne-arcade-manege-conduite-gonflable","status":"publish","type":"page","link":"https:\/\/locajeux.fr\/index.php\/location-babyfoot-billard-borne-arcade-manege-conduite-gonflable\/","title":{"rendered":"Location"},"content":{"rendered":"<h2 style=\"padding-left: 30px; text-align: right;\"><strong>Vous comptez organisez un \u00e9v\u00e9nement \u00a0 \u00a0 \u00a0 \u00a0 \u00a0 \u00a0 \u00a0 \u00a0 \u00a0 \u00a0 \u00a0 \u00a0 \u00a0 \u00a0 \u00a0 \u00a0 \u00a0 \u00a0 \u00a0 \u00a0 \u00a0 \u00a0<\/strong><\/h2>\n<p>Un anniversaire,un mariage,un bapt\u00eame,ou tout autre \u00e9v\u00e9nement que vous souhaitez r\u00e9ussir\u00a0<\/p>\n<p>En louant un ou plusieurs de nos jeux (flipper,babyfoot,billard&#8230;)<\/p>\n<p>vos invit\u00e9s pourront se d\u00e9tendre et se divertir en toute convivialit\u00e9.<\/p>\n<p>Les tarifs sont d\u00e9gressifs suivant la dur\u00e9e de location<\/p>\n<p><a href=\"http:\/\/locajeux.fr\/index.php\/contact\/\">Contactez-nous pour un DEVIS GRATUIT !<\/a><\/p>\n<p>Les tarifs ci-dessous concernent l&rsquo;enl\u00e8vement au D\u00e9p\u00f4t.<\/p>\n<p>Le transport,l&rsquo;installation et le retrait sont en suppl\u00e9ment (frais variables et calcul\u00e9s en fonction de la distance du nombre de d&rsquo;appareils et de l&rsquo;accessibilit\u00e9 du lieu de livraison). Un ch\u00e8que de caution vous sera demand\u00e9. Pour un ou plusieurs jours suppl\u00e9mentaires nous contacter.<\/p>\n<p><strong>LOCAJEUX \u00a0<\/strong>peut mettre \u00e0\u00a0\u00a0votre disposition :<\/p>\n<p style=\"text-align: center;\"><strong>\u00a0<\/strong><\/p>\n<hr \/>\n<p style=\"text-align: center;\"><strong>Location Baby foot Bonzini B60<\/strong><\/p>\n<p><img decoding=\"async\" loading=\"lazy\" class=\" wp-image-329 aligncenter\" src=\"http:\/\/locajeux.fr\/wp-content\/uploads\/2016\/11\/01_b60_standard_p-1-300x244.png\" alt=\"locajeux bonzini b90\" width=\"605\" height=\"492\" srcset=\"https:\/\/locajeux.fr\/wp-content\/uploads\/2016\/11\/01_b60_standard_p-1-300x244.png 300w, https:\/\/locajeux.fr\/wp-content\/uploads\/2016\/11\/01_b60_standard_p-1.png 522w\" sizes=\"(max-width: 605px) 100vw, 605px\" \/><\/p>\n<p style=\"text-align: center;\">L:1,50m \u00a0 \u00a0 \u00a0 \u00a0 l:1,00m \u00a0 \u00a0 \u00a0 \u00a0 \u00a0h:0,95m\u00a0 \u00a0 \u00a0poids:90kg<\/p>\n<p style=\"text-align: center;\"><strong>Tarif:170\u20ac ttc<\/strong><\/p>\n<hr \/>\n<p style=\"text-align: center;\"><strong>Location flipper<\/strong><\/p>\n<p>\u00a0<\/p>\n<p><img decoding=\"async\" loading=\"lazy\" class=\"wp-image-659 aligncenter\" src=\"http:\/\/locajeux.fr\/wp-content\/uploads\/2021\/04\/Location.flipper.locajeux-1-639x1024.jpg\" alt=\"flipper avengers\" width=\"369\" height=\"590\" srcset=\"https:\/\/locajeux.fr\/wp-content\/uploads\/2021\/04\/Location.flipper.locajeux-1-639x1024.jpg 639w, https:\/\/locajeux.fr\/wp-content\/uploads\/2021\/04\/Location.flipper.locajeux-1-187x300.jpg 187w, https:\/\/locajeux.fr\/wp-content\/uploads\/2021\/04\/Location.flipper.locajeux-1-768x1231.jpg 768w, https:\/\/locajeux.fr\/wp-content\/uploads\/2021\/04\/Location.flipper.locajeux-1.jpg 1080w\" sizes=\"(max-width: 369px) 100vw, 369px\" \/><\/p>\n<p style=\"text-align: center;\"><strong>\u00a0 \u00a0 \u00a0 \u00a0 \u00a0 \u00a0 \u00a0 \u00a0 \u00a0 \u00a0 \u00a0 \u00a0 \u00a0 \u00a0 \u00a0 \u00a0 \u00a0 \u00a0 \u00a0 \u00a0 \u00a0 \u00a0 \u00a0 \u00a0 \u00a0 \u00a0 \u00a0 \u00a0 \u00a0 \u00a0<\/strong><\/p>\n<p style=\"text-align: center;\"><strong>Tarif:230\u20ac ttc<\/strong><\/p>\n<hr \/>\n<p style=\"text-align: center;\"><strong>Location Air hockey<\/strong><\/p>\n<p style=\"text-align: center;\"><img decoding=\"async\" loading=\"lazy\" class=\" wp-image-335 aligncenter\" src=\"http:\/\/locajeux.fr\/wp-content\/uploads\/2016\/10\/ah-220_fasttrack-1-300x167.jpg\" alt=\"locajeux air hockey\" width=\"521\" height=\"290\" \/>L:2,35m \u00a0 \u00a0 l:1,25m \u00a0 h:0,80m \u00a0 \u00a0 Poids:<\/p>\n<p style=\"text-align: center;\"><strong>Tarif:350\u20ac ttc\u00a0 \u00a0 \u00a0\u00a0<\/strong><\/p>\n<hr \/>\n<p style=\"text-align: center;\"><strong>\u00a0Location Billard<\/strong><\/p>\n<p><strong><img decoding=\"async\" loading=\"lazy\" class=\" wp-image-269 aligncenter\" src=\"http:\/\/locajeux.fr\/wp-content\/uploads\/2016\/11\/supreme-winners-noir-tapis-bleu-300x217.jpg\" alt=\"supreme-winners-noir-tapis-bleu\" width=\"542\" height=\"392\" srcset=\"https:\/\/locajeux.fr\/wp-content\/uploads\/2016\/11\/supreme-winners-noir-tapis-bleu-300x217.jpg 300w, https:\/\/locajeux.fr\/wp-content\/uploads\/2016\/11\/supreme-winners-noir-tapis-bleu-768x556.jpg 768w, https:\/\/locajeux.fr\/wp-content\/uploads\/2016\/11\/supreme-winners-noir-tapis-bleu-1024x741.jpg 1024w, https:\/\/locajeux.fr\/wp-content\/uploads\/2016\/11\/supreme-winners-noir-tapis-bleu.jpg 1404w\" sizes=\"(max-width: 542px) 100vw, 542px\" \/><\/strong><\/p>\n<p style=\"text-align: center;\">L:2,11 m \u00a0 \u00a0 \u00a0l:119m \u00a0 \u00a0H:0,82m \u00a0 \u00a0 Poids:217Kg<\/p>\n<p style=\"text-align: center;\"><strong>Tarif:350\u20ac ttc\u00a0 \u00a0 \u00a0 \u00a0 \u00a0\u00a0<\/strong><\/p>\n<hr \/>\n<p style=\"text-align: center;\"><strong>Location Boxer \u00a0 \u00a0 \u00a0 \u00a0 \u00a0 \u00a0 \u00a0 \u00a0<\/strong><\/p>\n<p><img decoding=\"async\" loading=\"lazy\" class=\" wp-image-360 aligncenter\" src=\"http:\/\/locajeux.fr\/wp-content\/uploads\/2016\/11\/boxer-multiplayer-malowany-brunetka-3-200x300.jpg\" alt=\"boxer-multiplayer-malowany-brunetka-3\" width=\"403\" height=\"605\" srcset=\"https:\/\/locajeux.fr\/wp-content\/uploads\/2016\/11\/boxer-multiplayer-malowany-brunetka-3-200x300.jpg 200w, https:\/\/locajeux.fr\/wp-content\/uploads\/2016\/11\/boxer-multiplayer-malowany-brunetka-3.jpg 511w\" sizes=\"(max-width: 403px) 100vw, 403px\" \/><\/p>\n<p style=\"text-align: center;\">L:1,00m \u00a0l:0,70m \u00a0h:2,20m \u00a0 \u00a0 \u00a0 poids:116kg<\/p>\n<p style=\"text-align: center;\"><strong>Tarif:350\u20ac ttc<\/strong><\/p>\n<p style=\"text-align: center;\"><strong style=\"font-size: 1.125rem;\">\u00a0 \u00a0 \u00a0 \u00a0 \u00a0 \u00a0 \u00a0 \u00a0 \u00a0 \u00a0 \u00a0 \u00a0 \u00a0\u00a0<\/strong><strong style=\"font-size: 1.125rem;\">\u00a0 \u00a0 \u00a0 \u00a0 \u00a0 \u00a0 \u00a0 \u00a0 \u00a0 \u00a0 \u00a0 \u00a0 \u00a0 \u00a0 \u00a0 \u00a0<\/strong><\/p>\n<hr \/>\n<p style=\"text-align: center;\"><strong>Location Catch The Light<\/strong><\/p>\n<p><img decoding=\"async\" loading=\"lazy\" class=\"aligncenter  wp-image-917\" src=\"http:\/\/locajeux.fr\/wp-content\/uploads\/2023\/09\/catch-the-light-neuron-race-location-locajeux-1024x676.jpeg\" alt=\"\" width=\"1024\" height=\"676\" srcset=\"https:\/\/locajeux.fr\/wp-content\/uploads\/2023\/09\/catch-the-light-neuron-race-location-locajeux-1024x676.jpeg 1024w, https:\/\/locajeux.fr\/wp-content\/uploads\/2023\/09\/catch-the-light-neuron-race-location-locajeux-300x198.jpeg 300w, https:\/\/locajeux.fr\/wp-content\/uploads\/2023\/09\/catch-the-light-neuron-race-location-locajeux-768x507.jpeg 768w, https:\/\/locajeux.fr\/wp-content\/uploads\/2023\/09\/catch-the-light-neuron-race-location-locajeux.jpeg 1080w\" sizes=\"(max-width: 1024px) 100vw, 1024px\" \/><\/p>\n<p style=\"text-align: center;\">Dimensions: L127cm\u00a0 l79CM\u00a0 H87cm<\/p>\n<p style=\"text-align: center;\"><strong>Tarif:230\u00a0 TTC<\/strong><\/p>\n<p>\u00a0<\/p>\n<hr \/>\n<p style=\"text-align: center;\"><strong>Location Borne Arcade<\/strong><\/p>\n<p>\u00a0<\/p>\n\n\n<figure class=\"is-layout-flex wp-block-gallery-1 wp-block-gallery has-nested-images columns-default is-cropped\">\n<figure class=\"wp-block-image size-large\"><img decoding=\"async\" loading=\"lazy\" width=\"819\" height=\"1024\" data-id=\"882\"  src=\"http:\/\/locajeux.fr\/wp-content\/uploads\/2022\/10\/1a105bb1-f7bc-4054-bd64-ed0f48221c18-2-819x1024.jpg\" alt=\"\" class=\"wp-image-882\" srcset=\"https:\/\/locajeux.fr\/wp-content\/uploads\/2022\/10\/1a105bb1-f7bc-4054-bd64-ed0f48221c18-2-819x1024.jpg 819w, https:\/\/locajeux.fr\/wp-content\/uploads\/2022\/10\/1a105bb1-f7bc-4054-bd64-ed0f48221c18-2-240x300.jpg 240w, https:\/\/locajeux.fr\/wp-content\/uploads\/2022\/10\/1a105bb1-f7bc-4054-bd64-ed0f48221c18-2-768x960.jpg 768w, https:\/\/locajeux.fr\/wp-content\/uploads\/2022\/10\/1a105bb1-f7bc-4054-bd64-ed0f48221c18-2-1229x1536.jpg 1229w, https:\/\/locajeux.fr\/wp-content\/uploads\/2022\/10\/1a105bb1-f7bc-4054-bd64-ed0f48221c18-2.jpg 1280w\" sizes=\"(max-width: 819px) 100vw, 819px\" \/><\/figure>\n<figcaption class=\"blocks-gallery-caption wp-element-caption\"><strong>Tarif :190\u20ac ttc<\/strong><\/figcaption><\/figure>\n\n\n\n<p><\/p>\n","protected":false},"excerpt":{"rendered":"<p>Vous comptez organisez un \u00e9v\u00e9nement \u00a0 \u00a0 \u00a0 \u00a0 \u00a0 \u00a0 \u00a0 \u00a0 \u00a0 \u00a0 \u00a0 \u00a0 \u00a0 \u00a0 \u00a0 \u00a0 \u00a0 \u00a0 \u00a0 \u00a0 &hellip; <\/p>\n","protected":false},"author":2,"featured_media":0,"parent":0,"menu_order":0,"comment_status":"closed","ping_status":"closed","template":"","meta":[],"_links":{"self":[{"href":"https:\/\/locajeux.fr\/index.php\/wp-json\/wp\/v2\/pages\/80"}],"collection":[{"href":"https:\/\/locajeux.fr\/index.php\/wp-json\/wp\/v2\/pages"}],"about":[{"href":"https:\/\/locajeux.fr\/index.php\/wp-json\/wp\/v2\/types\/page"}],"author":[{"embeddable":true,"href":"https:\/\/locajeux.fr\/index.php\/wp-json\/wp\/v2\/users\/2"}],"replies":[{"embeddable":true,"href":"https:\/\/locajeux.fr\/index.php\/wp-json\/wp\/v2\/comments?post=80"}],"version-history":[{"count":107,"href":"https:\/\/locajeux.fr\/index.php\/wp-json\/wp\/v2\/pages\/80\/revisions"}],"predecessor-version":[{"id":1071,"href":"https:\/\/locajeux.fr\/index.php\/wp-json\/wp\/v2\/pages\/80\/revisions\/1071"}],"wp:attachment":[{"href":"https:\/\/locajeux.fr\/index.php\/wp-json\/wp\/v2\/media?parent=80"}],"curies":[{"name":"wp","href":"https:\/\/api.w.org\/{rel}","templated":true}]}}