{"id":242,"date":"2016-11-02T10:52:00","date_gmt":"2016-11-02T09:52:00","guid":{"rendered":"http:\/\/locajeux.fr\/?page_id=242"},"modified":"2024-04-01T12:40:08","modified_gmt":"2024-04-01T10:40:08","slug":"a-propos","status":"publish","type":"page","link":"https:\/\/locajeux.fr\/","title":{"rendered":"Notre activit\u00e9"},"content":{"rendered":"<p>Sp\u00e9cialiste des jeux automatiques dans le sud de la France, Locajeux vous propose la mise \u00e0 disposition dans toutes sortes\u00a0 \u00a0d&rsquo;\u00e9tablissement bar,snack,bo\u00eete de nuit,camping, etc&#8230;\u00a0<\/p>\n<p>La mise \u00e0 disposition peut \u00eatre sous forme de :partage de recettes, location<\/p>\n<p>puis \u00e9galement la vente d&rsquo;appareils neufs flipper STERN,borne arcade,flechette electronique,baby-foot ou d&rsquo;occasions ainsi que la location pour une journ\u00e9e, un week-end ou \u00e0 l&rsquo;ann\u00e9e. N&rsquo;h\u00e9sitez pas \u00e0 nous <a href=\"http:\/\/locajeux.fr\/index.php\/contact\/\">contacter<\/a> pour plus d&rsquo;information ou un <a href=\"http:\/\/locajeux.fr\/index.php\/contact\/\">devis<\/a><\/p>\n<p>\u00a0<\/p>\n<p><img decoding=\"async\" loading=\"lazy\" class=\" wp-image-646 alignleft\" src=\"http:\/\/locajeux.fr\/wp-content\/uploads\/2016\/10\/cropped-logo-redimentionne-2-1024x203.png\" alt=\"LOCAJEUX\" width=\"382\" height=\"76\" srcset=\"https:\/\/locajeux.fr\/wp-content\/uploads\/2016\/10\/cropped-logo-redimentionne-2-1024x203.png 1024w, https:\/\/locajeux.fr\/wp-content\/uploads\/2016\/10\/cropped-logo-redimentionne-2-300x60.png 300w, https:\/\/locajeux.fr\/wp-content\/uploads\/2016\/10\/cropped-logo-redimentionne-2-768x153.png 768w, https:\/\/locajeux.fr\/wp-content\/uploads\/2016\/10\/cropped-logo-redimentionne-2.png 1969w\" sizes=\"(max-width: 382px) 100vw, 382px\" \/><\/p>\n<p style=\"text-align: left;\">ZI la valampe\u00a0 14 avenue de la lardiere<\/p>\n<p>13220 CHATEAUNEUF LES MARTIGUES<\/p>\n<p>\u00a0<\/p>\n\n\n<p><\/p>\n","protected":false},"excerpt":{"rendered":"<p>Sp\u00e9cialiste des jeux automatiques dans le sud de la France, Locajeux vous propose la mise \u00e0 disposition dans toutes sortes\u00a0 \u00a0d&rsquo;\u00e9tablissement bar,snack,bo\u00eete de nuit,camping, etc&#8230;\u00a0 &hellip; <\/p>\n","protected":false},"author":1,"featured_media":0,"parent":0,"menu_order":0,"comment_status":"closed","ping_status":"closed","template":"","meta":[],"_links":{"self":[{"href":"https:\/\/locajeux.fr\/index.php\/wp-json\/wp\/v2\/pages\/242"}],"collection":[{"href":"https:\/\/locajeux.fr\/index.php\/wp-json\/wp\/v2\/pages"}],"about":[{"href":"https:\/\/locajeux.fr\/index.php\/wp-json\/wp\/v2\/types\/page"}],"author":[{"embeddable":true,"href":"https:\/\/locajeux.fr\/index.php\/wp-json\/wp\/v2\/users\/1"}],"replies":[{"embeddable":true,"href":"https:\/\/locajeux.fr\/index.php\/wp-json\/wp\/v2\/comments?post=242"}],"version-history":[{"count":16,"href":"https:\/\/locajeux.fr\/index.php\/wp-json\/wp\/v2\/pages\/242\/revisions"}],"predecessor-version":[{"id":970,"href":"https:\/\/locajeux.fr\/index.php\/wp-json\/wp\/v2\/pages\/242\/revisions\/970"}],"wp:attachment":[{"href":"https:\/\/locajeux.fr\/index.php\/wp-json\/wp\/v2\/media?parent=242"}],"curies":[{"name":"wp","href":"https:\/\/api.w.org\/{rel}","templated":true}]}}