{"id":201,"date":"2016-10-28T14:35:47","date_gmt":"2016-10-28T12:35:47","guid":{"rendered":"http:\/\/locajeux.fr\/?page_id=201"},"modified":"2023-02-23T08:53:45","modified_gmt":"2023-02-23T07:53:45","slug":"contact","status":"publish","type":"page","link":"https:\/\/locajeux.fr\/index.php\/contact\/","title":{"rendered":"Contact &#038; Devis"},"content":{"rendered":"<p style=\"text-align: left;\">Vous avez besoin d&rsquo;un devis ou d&rsquo;informations<\/p>\n<p><strong>\ud83d\udcde:06 60 34 30 72<\/strong><\/p>\n<p>\ud83d\udce7:<strong>world.games@hotmail.fr<\/strong><\/p>\n<p>Pour une location me pr\u00e9ciser :<\/p>\n<p>-Votre\u00a0nom<\/p>\n<p>-Votre num\u00e9ro de t\u00e9l\u00e9phone<\/p>\n<p>-La date et la dur\u00e9e de location<\/p>\n<p>-Le ou les jeux dont vous avez besoin<\/p>\n<p>-L&rsquo;adresse de livraison<\/p>\n<p>-Afin que je puisse vous \u00e9tablir un devis<\/p>\n","protected":false},"excerpt":{"rendered":"<p>Vous avez besoin d&rsquo;un devis ou d&rsquo;informations \ud83d\udcde:06 60 34 30 72 \ud83d\udce7:world.games@hotmail.fr Pour une location me pr\u00e9ciser : -Votre\u00a0nom -Votre num\u00e9ro de t\u00e9l\u00e9phone -La &hellip; <\/p>\n","protected":false},"author":1,"featured_media":0,"parent":0,"menu_order":0,"comment_status":"closed","ping_status":"closed","template":"","meta":[],"_links":{"self":[{"href":"https:\/\/locajeux.fr\/index.php\/wp-json\/wp\/v2\/pages\/201"}],"collection":[{"href":"https:\/\/locajeux.fr\/index.php\/wp-json\/wp\/v2\/pages"}],"about":[{"href":"https:\/\/locajeux.fr\/index.php\/wp-json\/wp\/v2\/types\/page"}],"author":[{"embeddable":true,"href":"https:\/\/locajeux.fr\/index.php\/wp-json\/wp\/v2\/users\/1"}],"replies":[{"embeddable":true,"href":"https:\/\/locajeux.fr\/index.php\/wp-json\/wp\/v2\/comments?post=201"}],"version-history":[{"count":11,"href":"https:\/\/locajeux.fr\/index.php\/wp-json\/wp\/v2\/pages\/201\/revisions"}],"predecessor-version":[{"id":909,"href":"https:\/\/locajeux.fr\/index.php\/wp-json\/wp\/v2\/pages\/201\/revisions\/909"}],"wp:attachment":[{"href":"https:\/\/locajeux.fr\/index.php\/wp-json\/wp\/v2\/media?parent=201"}],"curies":[{"name":"wp","href":"https:\/\/api.w.org\/{rel}","templated":true}]}}