{"id":1047,"date":"2024-04-04T20:58:09","date_gmt":"2024-04-04T18:58:09","guid":{"rendered":"http:\/\/locajeux.fr\/?page_id=1047"},"modified":"2024-04-04T21:12:51","modified_gmt":"2024-04-04T19:12:51","slug":"venon","status":"publish","type":"page","link":"https:\/\/locajeux.fr\/index.php\/venon\/","title":{"rendered":"VENON"},"content":{"rendered":"\n<p><strong>Stern pinball VENON pro PRIX:8400\u20ac TTC<\/strong><\/p>\n\n\n\n<p><strong>prix premium et \u00e9dition limit\u00e9e nous contacter<\/strong><\/p>\n\n\n\n<p>POIDS :96 kg<\/p>\n\n\n\n<p>DIMENSIONS :145 \u00d7 71\u00d7 195 cm<\/p>\n\n\n\n<figure class=\"wp-block-embed is-type-rich is-provider-prise-en-charge-des-contenus-embarques wp-block-embed-prise-en-charge-des-contenus-embarques wp-embed-aspect-16-9 wp-has-aspect-ratio\"><div class=\"wp-block-embed__wrapper\">\n<iframe loading=\"lazy\" title=\"Venom Gameplay Features\" width=\"1200\" height=\"675\" src=\"https:\/\/www.youtube.com\/embed\/G2hB0QgDq0Y?feature=oembed\" frameborder=\"0\" allow=\"accelerometer; autoplay; clipboard-write; encrypted-media; gyroscope; picture-in-picture; web-share\" referrerpolicy=\"strict-origin-when-cross-origin\" allowfullscreen><\/iframe>\n<\/div><\/figure>\n","protected":false},"excerpt":{"rendered":"<p>Stern pinball VENON pro PRIX:8400\u20ac TTC prix premium et \u00e9dition limit\u00e9e nous contacter POIDS :96 kg DIMENSIONS :145 \u00d7 71\u00d7 195 cm<\/p>\n","protected":false},"author":2,"featured_media":0,"parent":0,"menu_order":0,"comment_status":"closed","ping_status":"closed","template":"","meta":[],"_links":{"self":[{"href":"https:\/\/locajeux.fr\/index.php\/wp-json\/wp\/v2\/pages\/1047"}],"collection":[{"href":"https:\/\/locajeux.fr\/index.php\/wp-json\/wp\/v2\/pages"}],"about":[{"href":"https:\/\/locajeux.fr\/index.php\/wp-json\/wp\/v2\/types\/page"}],"author":[{"embeddable":true,"href":"https:\/\/locajeux.fr\/index.php\/wp-json\/wp\/v2\/users\/2"}],"replies":[{"embeddable":true,"href":"https:\/\/locajeux.fr\/index.php\/wp-json\/wp\/v2\/comments?post=1047"}],"version-history":[{"count":5,"href":"https:\/\/locajeux.fr\/index.php\/wp-json\/wp\/v2\/pages\/1047\/revisions"}],"predecessor-version":[{"id":1058,"href":"https:\/\/locajeux.fr\/index.php\/wp-json\/wp\/v2\/pages\/1047\/revisions\/1058"}],"wp:attachment":[{"href":"https:\/\/locajeux.fr\/index.php\/wp-json\/wp\/v2\/media?parent=1047"}],"curies":[{"name":"wp","href":"https:\/\/api.w.org\/{rel}","templated":true}]}}